{"id":755,"date":"2025-05-17T15:49:03","date_gmt":"2025-05-17T13:49:03","guid":{"rendered":"https:\/\/porfografico.escuelaartegranada.com\/cristinaarance\/?page_id=755"},"modified":"2025-05-17T17:06:25","modified_gmt":"2025-05-17T15:06:25","slug":"proyectos","status":"publish","type":"page","link":"https:\/\/porfografico.escuelaartegranada.com\/cristinaarance\/proyectos\/","title":{"rendered":"Proyectos"},"content":{"rendered":"<p><div class=\"et_pb_section et_pb_section_0  et_pb_css_mix_blend_mode et_section_regular\" >\n\t\t\t\t\n\t\t\t\t\n\t\t\t\t\n\t\t\t\t\n\t\t\t\t\n\t\t\t\t\n\t\t\t\t<div class=\"et_pb_row et_pb_row_0  et_pb_css_mix_blend_mode\">\n\t\t\t\t<div class=\"et_pb_column et_pb_column_1_2 et_pb_column_0  et_pb_css_mix_blend_mode\">\n\t\t\t\t\n\t\t\t\t\n\t\t\t\t\n\t\t\t\t\n\t\t\t\t<div class=\"et_pb_module et_pb_heading et_pb_heading_0 et_pb_bg_layout_\">\n\t\t\t\t\n\t\t\t\t\n\t\t\t\t\n\t\t\t\t\n\t\t\t\t<div class=\"et_pb_heading_container\"><h1 class=\"et_pb_module_heading\">PROYECTOS<\/h1><\/div>\n\t\t\t<\/div>\n\t\t\t<\/div><div class=\"et_pb_column et_pb_column_1_2 et_pb_column_1  et_pb_css_mix_blend_mode et-last-child et_pb_column_empty\">\n\t\t\t\t\n\t\t\t\t\n\t\t\t\t\n\t\t\t\t\n\t\t\t\t\n\t\t\t<\/div>\n\t\t\t\t\n\t\t\t\t\n\t\t\t\t\n\t\t\t\t\n\t\t\t<\/div>\n\t\t\t\t\n\t\t\t\t\n\t\t\t<\/div><div class=\"et_pb_section et_pb_section_1  et_pb_css_mix_blend_mode et_section_regular\" >\n\t\t\t\t\n\t\t\t\t\n\t\t\t\t\n\t\t\t\t\n\t\t\t\t\n\t\t\t\t\n\t\t\t\t<div class=\"et_pb_with_border et_pb_row et_pb_row_1  et_pb_css_mix_blend_mode\">\n\t\t\t\t<div class=\"et_pb_column et_pb_column_1_3 et_pb_column_2  et_pb_css_mix_blend_mode\">\n\t\t\t\t\n\t\t\t\t\n\t\t\t\t\n\t\t\t\t\n\t\t\t\t<div class=\"et_pb_module et_pb_heading et_pb_heading_1 et_pb_bg_layout_\">\n\t\t\t\t\n\t\t\t\t\n\t\t\t\t\n\t\t\t\t\n\t\t\t\t<div class=\"et_pb_heading_container\"><h4 class=\"et_pb_module_heading\">Campa\u00f1a publicitaria<\/h4><\/div>\n\t\t\t<\/div>\n\t\t\t<\/div><div class=\"et_pb_column et_pb_column_1_3 et_pb_column_3  et_pb_css_mix_blend_mode\">\n\t\t\t\t\n\t\t\t\t\n\t\t\t\t\n\t\t\t\t\n\t\t\t\t<div class=\"et_pb_module et_pb_heading et_pb_heading_2 et_pb_bg_layout_\">\n\t\t\t\t\n\t\t\t\t\n\t\t\t\t\n\t\t\t\t\n\t\t\t\t<div class=\"et_pb_heading_container\"><h5 class=\"et_pb_module_heading\">Torii Yama: la cima de dos mundos.<\/h5><\/div>\n\t\t\t<\/div><div class=\"et_pb_module et_pb_text et_pb_text_0  et_pb_text_align_left et_pb_bg_layout_light\">\n\t\t\t\t\n\t\t\t\t\n\t\t\t\t\n\t\t\t\t\n\t\t\t\t<div class=\"et_pb_text_inner\"><p><span>Destacando una fusi\u00f3n cultural entre Granada y Jap\u00f3n, este \u00e1lbum act\u00faa como un puente entre lo espiritual y lo urbano, conectando dos culturas con profundas ra\u00edces art\u00edsticas. Este proyecto busca transmitir su esencia y su capacidad para unir mundos a trav\u00e9s de su m\u00fasica<\/span><\/p>\n<p><span>Propuesta de campa\u00f1a publicitaria para el vinilo del artista grana\u00edno Dellafuente.\u00a0<\/span><\/p><\/div>\n\t\t\t<\/div><div class=\"et_pb_button_module_wrapper et_pb_button_0_wrapper et_pb_button_alignment_left et_pb_module \">\n\t\t\t\t<a class=\"et_pb_button et_pb_button_0 et_pb_bg_layout_light\" href=\"https:\/\/porfografico.escuelaartegranada.com\/cristinaarance\/project\/vinilo-torii-yama-campana-publicitaria\/\" target=\"_blank\" data-icon=\"&#xf51f;\">Ver proyecto<\/a>\n\t\t\t<\/div>\n\t\t\t<\/div><div class=\"et_pb_column et_pb_column_1_3 et_pb_column_4  et_pb_css_mix_blend_mode et-last-child\">\n\t\t\t\t\n\t\t\t\t\n\t\t\t\t\n\t\t\t\t\n\t\t\t\t<div class=\"et_pb_module et_pb_image et_pb_image_0 et_pb_has_overlay\">\n\t\t\t\t\n\t\t\t\t\n\t\t\t\t\n\t\t\t\t\n\t\t\t\t<a href=\"https:\/\/porfografico.escuelaartegranada.com\/cristinaarance\/wp-content\/uploads\/sites\/5\/2025\/03\/Vertical-Billboard-Mockup-1.jpg\" class=\"et_pb_lightbox_image\" title=\"\"><span class=\"et_pb_image_wrap \"><img loading=\"lazy\" decoding=\"async\" width=\"900\" height=\"1041\" src=\"https:\/\/porfografico.escuelaartegranada.com\/cristinaarance\/wp-content\/uploads\/sites\/5\/2025\/03\/Vertical-Billboard-Mockup-1.jpg\" alt=\"\" title=\"Vertical-Billboard-Mockup-(1)\" srcset=\"https:\/\/porfografico.escuelaartegranada.com\/cristinaarance\/wp-content\/uploads\/sites\/5\/2025\/03\/Vertical-Billboard-Mockup-1.jpg 900w, https:\/\/porfografico.escuelaartegranada.com\/cristinaarance\/wp-content\/uploads\/sites\/5\/2025\/03\/Vertical-Billboard-Mockup-1-480x555.jpg 480w\" sizes=\"(min-width: 0px) and (max-width: 480px) 480px, (min-width: 481px) 900px, 100vw\" class=\"wp-image-375\" \/><span class=\"et_overlay\"><\/span><\/span><\/a>\n\t\t\t<\/div>\n\t\t\t<\/div>\n\t\t\t\t\n\t\t\t\t\n\t\t\t\t\n\t\t\t\t\n\t\t\t<\/div><div class=\"et_pb_with_border et_pb_row et_pb_row_2  et_pb_css_mix_blend_mode\">\n\t\t\t\t<div class=\"et_pb_column et_pb_column_1_3 et_pb_column_5  et_pb_css_mix_blend_mode\">\n\t\t\t\t\n\t\t\t\t\n\t\t\t\t\n\t\t\t\t\n\t\t\t\t<div class=\"et_pb_module et_pb_heading et_pb_heading_3 et_pb_bg_layout_\">\n\t\t\t\t\n\t\t\t\t\n\t\t\t\t\n\t\t\t\t\n\t\t\t\t<div class=\"et_pb_heading_container\"><h4 class=\"et_pb_module_heading\">Packaging<\/h4><\/div>\n\t\t\t<\/div>\n\t\t\t<\/div><div class=\"et_pb_column et_pb_column_1_3 et_pb_column_6  et_pb_css_mix_blend_mode\">\n\t\t\t\t\n\t\t\t\t\n\t\t\t\t\n\t\t\t\t\n\t\t\t\t<div class=\"et_pb_module et_pb_heading et_pb_heading_4 et_pb_bg_layout_\">\n\t\t\t\t\n\t\t\t\t\n\t\t\t\t\n\t\t\t\t\n\t\t\t\t<div class=\"et_pb_heading_container\"><h5 class=\"et_pb_module_heading\">Pastas gallo: propuesta de packaging<\/h5><\/div>\n\t\t\t<\/div><div class=\"et_pb_module et_pb_text et_pb_text_1  et_pb_text_align_left et_pb_bg_layout_light\">\n\t\t\t\t\n\t\t\t\t\n\t\t\t\t\n\t\t\t\t\n\t\t\t\t<div class=\"et_pb_text_inner\"><p><span>Este dise\u00f1o de packaging, creado como propuesta para\u00a0<\/span>Pastas Gallo<span>, tiene como objetivo transformar un alimento cotidiano en un obsequio especial, ideal para regalar en fechas se\u00f1aladas. El concepto detr\u00e1s de la l\u00ednea\u00a0<\/span><em>\u201cCh\u00e9rie\u201d<\/em><span> es invitar a las personas a compartir momentos significativos a trav\u00e9s de la cocina, convirti\u00e9ndolo en una <\/span>experiencia \u00fanica<span>\u00a0para disfrutar juntos.<\/span><\/p><\/div>\n\t\t\t<\/div><div class=\"et_pb_button_module_wrapper et_pb_button_1_wrapper et_pb_button_alignment_left et_pb_module \">\n\t\t\t\t<a class=\"et_pb_button et_pb_button_1 et_pb_bg_layout_light\" href=\"https:\/\/porfografico.escuelaartegranada.com\/cristinaarance\/project\/pastas-gallo-diseno-packaging\/\" target=\"_blank\" data-icon=\"&#xe089;\">Ver proyecto<\/a>\n\t\t\t<\/div>\n\t\t\t<\/div><div class=\"et_pb_column et_pb_column_1_3 et_pb_column_7  et_pb_css_mix_blend_mode et-last-child\">\n\t\t\t\t\n\t\t\t\t\n\t\t\t\t\n\t\t\t\t\n\t\t\t\t<div class=\"et_pb_module et_pb_image et_pb_image_1 et_pb_has_overlay\">\n\t\t\t\t\n\t\t\t\t\n\t\t\t\t\n\t\t\t\t\n\t\t\t\t<a href=\"https:\/\/porfografico.escuelaartegranada.com\/cristinaarance\/wp-content\/uploads\/sites\/5\/2025\/05\/pasta.png\" class=\"et_pb_lightbox_image\" title=\"\"><span class=\"et_pb_image_wrap \"><img loading=\"lazy\" decoding=\"async\" width=\"1728\" height=\"2000\" src=\"https:\/\/porfografico.escuelaartegranada.com\/cristinaarance\/wp-content\/uploads\/sites\/5\/2025\/05\/pasta.png\" alt=\"\" title=\"pasta\" srcset=\"https:\/\/porfografico.escuelaartegranada.com\/cristinaarance\/wp-content\/uploads\/sites\/5\/2025\/05\/pasta.png 1728w, https:\/\/porfografico.escuelaartegranada.com\/cristinaarance\/wp-content\/uploads\/sites\/5\/2025\/05\/pasta-1280x1481.png 1280w, https:\/\/porfografico.escuelaartegranada.com\/cristinaarance\/wp-content\/uploads\/sites\/5\/2025\/05\/pasta-980x1134.png 980w, https:\/\/porfografico.escuelaartegranada.com\/cristinaarance\/wp-content\/uploads\/sites\/5\/2025\/05\/pasta-480x556.png 480w\" sizes=\"(min-width: 0px) and (max-width: 480px) 480px, (min-width: 481px) and (max-width: 980px) 980px, (min-width: 981px) and (max-width: 1280px) 1280px, (min-width: 1281px) 1728px, 100vw\" class=\"wp-image-768\" \/><span class=\"et_overlay\"><\/span><\/span><\/a>\n\t\t\t<\/div>\n\t\t\t<\/div>\n\t\t\t\t\n\t\t\t\t\n\t\t\t\t\n\t\t\t\t\n\t\t\t<\/div><div class=\"et_pb_with_border et_pb_row et_pb_row_3  et_pb_css_mix_blend_mode\">\n\t\t\t\t<div class=\"et_pb_column et_pb_column_1_3 et_pb_column_8  et_pb_css_mix_blend_mode\">\n\t\t\t\t\n\t\t\t\t\n\t\t\t\t\n\t\t\t\t\n\t\t\t\t<div class=\"et_pb_module et_pb_heading et_pb_heading_5 et_pb_bg_layout_\">\n\t\t\t\t\n\t\t\t\t\n\t\t\t\t\n\t\t\t\t\n\t\t\t\t<div class=\"et_pb_heading_container\"><h4 class=\"et_pb_module_heading\">Identidad visual<\/h4><\/div>\n\t\t\t<\/div>\n\t\t\t<\/div><div class=\"et_pb_column et_pb_column_1_3 et_pb_column_9  et_pb_css_mix_blend_mode\">\n\t\t\t\t\n\t\t\t\t\n\t\t\t\t\n\t\t\t\t\n\t\t\t\t<div class=\"et_pb_module et_pb_heading et_pb_heading_6 et_pb_bg_layout_\">\n\t\t\t\t\n\t\t\t\t\n\t\t\t\t\n\t\t\t\t\n\t\t\t\t<div class=\"et_pb_heading_container\"><h5 class=\"et_pb_module_heading\">Winter Festival: Propuesta creativa<\/h5><\/div>\n\t\t\t<\/div><div class=\"et_pb_module et_pb_text et_pb_text_2  et_pb_text_align_left et_pb_bg_layout_light\">\n\t\t\t\t\n\t\t\t\t\n\t\t\t\t\n\t\t\t\t\n\t\t\t\t<div class=\"et_pb_text_inner\"><p>Este proyecto es una propuesta de identidad visual y merchandising para Winter Festival, un evento de m\u00fasica electr\u00f3nica que se celebra anualmente en Granada, centrado en el breakbeat. Est\u00e1 inspirado en la energ\u00eda y cultura de la calle, las noches interminables de baile y la comunidad que se une para disfrutar del movimiento, la libertad y el ritmo.<\/p><\/div>\n\t\t\t<\/div><div class=\"et_pb_button_module_wrapper et_pb_button_2_wrapper et_pb_button_alignment_left et_pb_module \">\n\t\t\t\t<a class=\"et_pb_button et_pb_button_2 et_pb_bg_layout_light\" href=\"https:\/\/porfografico.escuelaartegranada.com\/cristinaarance\/project\/winter-festival-2025-propuesta-creativa\/\" target=\"_blank\" data-icon=\"&#xf2dc;\">Ver proyecto<\/a>\n\t\t\t<\/div>\n\t\t\t<\/div><div class=\"et_pb_column et_pb_column_1_3 et_pb_column_10  et_pb_css_mix_blend_mode et-last-child\">\n\t\t\t\t\n\t\t\t\t\n\t\t\t\t\n\t\t\t\t\n\t\t\t\t<div class=\"et_pb_module et_pb_image et_pb_image_2 et_pb_has_overlay\">\n\t\t\t\t\n\t\t\t\t\n\t\t\t\t\n\t\t\t\t\n\t\t\t\t<a href=\"https:\/\/porfografico.escuelaartegranada.com\/cristinaarance\/wp-content\/uploads\/sites\/5\/2025\/05\/winta.png\" class=\"et_pb_lightbox_image\" title=\"\"><span class=\"et_pb_image_wrap \"><img loading=\"lazy\" decoding=\"async\" width=\"1728\" height=\"2000\" src=\"https:\/\/porfografico.escuelaartegranada.com\/cristinaarance\/wp-content\/uploads\/sites\/5\/2025\/05\/winta.png\" alt=\"\" title=\"winta\" srcset=\"https:\/\/porfografico.escuelaartegranada.com\/cristinaarance\/wp-content\/uploads\/sites\/5\/2025\/05\/winta.png 1728w, https:\/\/porfografico.escuelaartegranada.com\/cristinaarance\/wp-content\/uploads\/sites\/5\/2025\/05\/winta-1280x1481.png 1280w, https:\/\/porfografico.escuelaartegranada.com\/cristinaarance\/wp-content\/uploads\/sites\/5\/2025\/05\/winta-980x1134.png 980w, https:\/\/porfografico.escuelaartegranada.com\/cristinaarance\/wp-content\/uploads\/sites\/5\/2025\/05\/winta-480x556.png 480w\" sizes=\"(min-width: 0px) and (max-width: 480px) 480px, (min-width: 481px) and (max-width: 980px) 980px, (min-width: 981px) and (max-width: 1280px) 1280px, (min-width: 1281px) 1728px, 100vw\" class=\"wp-image-769\" \/><span class=\"et_overlay\"><\/span><\/span><\/a>\n\t\t\t<\/div>\n\t\t\t<\/div>\n\t\t\t\t\n\t\t\t\t\n\t\t\t\t\n\t\t\t\t\n\t\t\t<\/div><div class=\"et_pb_with_border et_pb_row et_pb_row_4  et_pb_css_mix_blend_mode\">\n\t\t\t\t<div class=\"et_pb_column et_pb_column_1_3 et_pb_column_11  et_pb_css_mix_blend_mode\">\n\t\t\t\t\n\t\t\t\t\n\t\t\t\t\n\t\t\t\t\n\t\t\t\t<div class=\"et_pb_module et_pb_heading et_pb_heading_7 et_pb_bg_layout_\">\n\t\t\t\t\n\t\t\t\t\n\t\t\t\t\n\t\t\t\t\n\t\t\t\t<div class=\"et_pb_heading_container\"><h4 class=\"et_pb_module_heading\">Dise\u00f1o de p\u00f3ster<\/h4><\/div>\n\t\t\t<\/div>\n\t\t\t<\/div><div class=\"et_pb_column et_pb_column_1_3 et_pb_column_12  et_pb_css_mix_blend_mode\">\n\t\t\t\t\n\t\t\t\t\n\t\t\t\t\n\t\t\t\t\n\t\t\t\t<div class=\"et_pb_module et_pb_heading et_pb_heading_8 et_pb_bg_layout_\">\n\t\t\t\t\n\t\t\t\t\n\t\t\t\t\n\t\t\t\t\n\t\t\t\t<div class=\"et_pb_heading_container\"><h5 class=\"et_pb_module_heading\">Mangata: Dise\u00f1o de p\u00f3ster<\/h5><\/div>\n\t\t\t<\/div><div class=\"et_pb_module et_pb_text et_pb_text_3  et_pb_text_align_left et_pb_bg_layout_light\">\n\t\t\t\t\n\t\t\t\t\n\t\t\t\t\n\t\t\t\t\n\t\t\t\t<div class=\"et_pb_text_inner\"><p><span>Este dise\u00f1o de p\u00f3ster se inspira en los elementos visuales y emocionales que la artista Judeline sugiere: la conexi\u00f3n entre lo emocional y lo natural, y la reflexi\u00f3n que genera la <\/span><em>mangata<\/em><span>, que se refiere al reflejo de la luz de la Luna sobre el mar, y no solo a\u00f1ade una atm\u00f3sfera on\u00edrica, sino que tambi\u00e9n simboliza el viaje interior y el camino hacia el autodescubrimiento que puede interpretarse en su m\u00fasica.<\/span><\/p>\n<p><span><\/span><\/p>\n<p><span><\/span><\/p><\/div>\n\t\t\t<\/div><div class=\"et_pb_button_module_wrapper et_pb_button_3_wrapper et_pb_button_alignment_left et_pb_module \">\n\t\t\t\t<a class=\"et_pb_button et_pb_button_3 et_pb_bg_layout_light\" href=\"https:\/\/porfografico.escuelaartegranada.com\/cristinaarance\/project\/judeline-mangata-poster\/\" target=\"_blank\" data-icon=\"&#xf186;\">Ver proyecto<\/a>\n\t\t\t<\/div>\n\t\t\t<\/div><div class=\"et_pb_column et_pb_column_1_3 et_pb_column_13  et_pb_css_mix_blend_mode et-last-child\">\n\t\t\t\t\n\t\t\t\t\n\t\t\t\t\n\t\t\t\t\n\t\t\t\t<div class=\"et_pb_module et_pb_image et_pb_image_3 et_pb_has_overlay\">\n\t\t\t\t\n\t\t\t\t\n\t\t\t\t\n\t\t\t\t\n\t\t\t\t<a href=\"https:\/\/porfografico.escuelaartegranada.com\/cristinaarance\/wp-content\/uploads\/sites\/5\/2025\/05\/mangata-1.png\" class=\"et_pb_lightbox_image\" title=\"\"><span class=\"et_pb_image_wrap \"><img loading=\"lazy\" decoding=\"async\" width=\"1080\" height=\"1250\" src=\"https:\/\/porfografico.escuelaartegranada.com\/cristinaarance\/wp-content\/uploads\/sites\/5\/2025\/05\/mangata-1.png\" alt=\"\" title=\"mangata (1)\" srcset=\"https:\/\/porfografico.escuelaartegranada.com\/cristinaarance\/wp-content\/uploads\/sites\/5\/2025\/05\/mangata-1.png 1080w, https:\/\/porfografico.escuelaartegranada.com\/cristinaarance\/wp-content\/uploads\/sites\/5\/2025\/05\/mangata-1-980x1134.png 980w, https:\/\/porfografico.escuelaartegranada.com\/cristinaarance\/wp-content\/uploads\/sites\/5\/2025\/05\/mangata-1-480x556.png 480w\" sizes=\"(min-width: 0px) and (max-width: 480px) 480px, (min-width: 481px) and (max-width: 980px) 980px, (min-width: 981px) 1080px, 100vw\" class=\"wp-image-772\" \/><span class=\"et_overlay\"><\/span><\/span><\/a>\n\t\t\t<\/div>\n\t\t\t<\/div>\n\t\t\t\t\n\t\t\t\t\n\t\t\t\t\n\t\t\t\t\n\t\t\t<\/div><div class=\"et_pb_with_border et_pb_row et_pb_row_5  et_pb_css_mix_blend_mode\">\n\t\t\t\t<div class=\"et_pb_column et_pb_column_1_3 et_pb_column_14  et_pb_css_mix_blend_mode\">\n\t\t\t\t\n\t\t\t\t\n\t\t\t\t\n\t\t\t\t\n\t\t\t\t<div class=\"et_pb_module et_pb_heading et_pb_heading_9 et_pb_bg_layout_\">\n\t\t\t\t\n\t\t\t\t\n\t\t\t\t\n\t\t\t\t\n\t\t\t\t<div class=\"et_pb_heading_container\"><h4 class=\"et_pb_module_heading\">Modelado 3D<\/h4><\/div>\n\t\t\t<\/div>\n\t\t\t<\/div><div class=\"et_pb_column et_pb_column_1_3 et_pb_column_15  et_pb_css_mix_blend_mode\">\n\t\t\t\t\n\t\t\t\t\n\t\t\t\t\n\t\t\t\t\n\t\t\t\t<div class=\"et_pb_module et_pb_heading et_pb_heading_10 et_pb_bg_layout_\">\n\t\t\t\t\n\t\t\t\t\n\t\t\t\t\n\t\t\t\t\n\t\t\t\t<div class=\"et_pb_heading_container\"><h5 class=\"et_pb_module_heading\">Dise\u00f1o bodeg\u00f3n 3D<\/h5><\/div>\n\t\t\t<\/div><div class=\"et_pb_module et_pb_text et_pb_text_4  et_pb_text_align_left et_pb_bg_layout_light\">\n\t\t\t\t\n\t\t\t\t\n\t\t\t\t\n\t\t\t\t\n\t\t\t\t<div class=\"et_pb_text_inner\"><p data-start=\"195\" data-end=\"597\" class=\"\">Escena en 3D que explora la relaci\u00f3n entre objetos cotidianos y una atm\u00f3sfera cargada de presencia. La composici\u00f3n gira en torno a una mesa roja sobre la que descansan una taza volcada, cigarrillos usados, un incensario, un cenicero humeante y un paquete de tabaco. Todo est\u00e1 ba\u00f1ado por la luz c\u00e1lida de una l\u00e1mpara met\u00e1lica, y da lugar a una escena \u00edntima y cargada de tensi\u00f3n silenciosa.<\/p>\n<p><span><\/span><\/p>\n<p><span><\/span><\/p><\/div>\n\t\t\t<\/div><div class=\"et_pb_button_module_wrapper et_pb_button_4_wrapper et_pb_button_alignment_left et_pb_module \">\n\t\t\t\t<a class=\"et_pb_button et_pb_button_4 et_pb_bg_layout_light\" href=\"https:\/\/porfografico.escuelaartegranada.com\/cristinaarance\/project\/bodegon-diseno-3d\/\" target=\"_blank\" data-icon=\"&#xf48d;\">Ver proyecto<\/a>\n\t\t\t<\/div>\n\t\t\t<\/div><div class=\"et_pb_column et_pb_column_1_3 et_pb_column_16  et_pb_css_mix_blend_mode et-last-child\">\n\t\t\t\t\n\t\t\t\t\n\t\t\t\t\n\t\t\t\t\n\t\t\t\t<div class=\"et_pb_module et_pb_image et_pb_image_4 et_pb_has_overlay\">\n\t\t\t\t\n\t\t\t\t\n\t\t\t\t\n\t\t\t\t\n\t\t\t\t<a href=\"https:\/\/porfografico.escuelaartegranada.com\/cristinaarance\/wp-content\/uploads\/sites\/5\/2025\/05\/marlboro-2.png\" class=\"et_pb_lightbox_image\" title=\"\"><span class=\"et_pb_image_wrap \"><img loading=\"lazy\" decoding=\"async\" width=\"1728\" height=\"2000\" src=\"https:\/\/porfografico.escuelaartegranada.com\/cristinaarance\/wp-content\/uploads\/sites\/5\/2025\/05\/marlboro-2.png\" alt=\"\" title=\"marlboro\" srcset=\"https:\/\/porfografico.escuelaartegranada.com\/cristinaarance\/wp-content\/uploads\/sites\/5\/2025\/05\/marlboro-2.png 1728w, https:\/\/porfografico.escuelaartegranada.com\/cristinaarance\/wp-content\/uploads\/sites\/5\/2025\/05\/marlboro-2-1280x1481.png 1280w, https:\/\/porfografico.escuelaartegranada.com\/cristinaarance\/wp-content\/uploads\/sites\/5\/2025\/05\/marlboro-2-980x1134.png 980w, https:\/\/porfografico.escuelaartegranada.com\/cristinaarance\/wp-content\/uploads\/sites\/5\/2025\/05\/marlboro-2-480x556.png 480w\" sizes=\"(min-width: 0px) and (max-width: 480px) 480px, (min-width: 481px) and (max-width: 980px) 980px, (min-width: 981px) and (max-width: 1280px) 1280px, (min-width: 1281px) 1728px, 100vw\" class=\"wp-image-782\" \/><span class=\"et_overlay\"><\/span><\/span><\/a>\n\t\t\t<\/div>\n\t\t\t<\/div>\n\t\t\t\t\n\t\t\t\t\n\t\t\t\t\n\t\t\t\t\n\t\t\t<\/div><div class=\"et_pb_with_border et_pb_row et_pb_row_6  et_pb_css_mix_blend_mode\">\n\t\t\t\t<div class=\"et_pb_column et_pb_column_1_3 et_pb_column_17  et_pb_css_mix_blend_mode\">\n\t\t\t\t\n\t\t\t\t\n\t\t\t\t\n\t\t\t\t\n\t\t\t\t<div class=\"et_pb_module et_pb_heading et_pb_heading_11 et_pb_bg_layout_\">\n\t\t\t\t\n\t\t\t\t\n\t\t\t\t\n\t\t\t\t\n\t\t\t\t<div class=\"et_pb_heading_container\"><h4 class=\"et_pb_module_heading\">Motion graphics<\/h4><\/div>\n\t\t\t<\/div>\n\t\t\t<\/div><div class=\"et_pb_column et_pb_column_1_3 et_pb_column_18  et_pb_css_mix_blend_mode\">\n\t\t\t\t\n\t\t\t\t\n\t\t\t\t\n\t\t\t\t\n\t\t\t\t<div class=\"et_pb_module et_pb_heading et_pb_heading_12 et_pb_bg_layout_\">\n\t\t\t\t\n\t\t\t\t\n\t\t\t\t\n\t\t\t\t\n\t\t\t\t<div class=\"et_pb_heading_container\"><h5 class=\"et_pb_module_heading\">Animaci\u00f3n 2D y 3D<\/h5><\/div>\n\t\t\t<\/div><div class=\"et_pb_module et_pb_text et_pb_text_5  et_pb_text_align_left et_pb_bg_layout_light\">\n\t\t\t\t\n\t\t\t\t\n\t\t\t\t\n\t\t\t\t\n\t\t\t\t<div class=\"et_pb_text_inner\"><p data-start=\"501\" data-end=\"917\" class=\"\">Cada animaci\u00f3n representa una oportunidad para experimentar con el ritmo, el espacio y la transformaci\u00f3n visual.<\/p>\n<p data-start=\"919\" data-end=\"1242\" class=\"\">Estos proyectos reflejan mi inter\u00e9s por crear experiencias visuales din\u00e1micas, ya sea en planos m\u00e1s conceptuales o en ejercicios de identidad visual, el motion graphics es para m\u00ed una gran herramienta de expresi\u00f3n creativa.<\/p>\n<p><span><\/span><\/p>\n<p><span><\/span><\/p><\/div>\n\t\t\t<\/div><div class=\"et_pb_button_module_wrapper et_pb_button_5_wrapper et_pb_button_alignment_left et_pb_module \">\n\t\t\t\t<a class=\"et_pb_button et_pb_button_5 et_pb_bg_layout_light\" href=\"https:\/\/porfografico.escuelaartegranada.com\/cristinaarance\/project\/motion-graphics\/\" target=\"_blank\" data-icon=\"&#xe049;\">Ver proyecto<\/a>\n\t\t\t<\/div>\n\t\t\t<\/div><div class=\"et_pb_column et_pb_column_1_3 et_pb_column_19  et_pb_css_mix_blend_mode et-last-child\">\n\t\t\t\t\n\t\t\t\t\n\t\t\t\t\n\t\t\t\t\n\t\t\t\t<div class=\"et_pb_module et_pb_image et_pb_image_5 et_pb_has_overlay\">\n\t\t\t\t\n\t\t\t\t\n\t\t\t\t\n\t\t\t\t\n\t\t\t\t<a href=\"https:\/\/porfografico.escuelaartegranada.com\/cristinaarance\/wp-content\/uploads\/sites\/5\/2025\/05\/aranaze.png\" class=\"et_pb_lightbox_image\" title=\"\"><span class=\"et_pb_image_wrap \"><img loading=\"lazy\" decoding=\"async\" width=\"1728\" height=\"2000\" src=\"https:\/\/porfografico.escuelaartegranada.com\/cristinaarance\/wp-content\/uploads\/sites\/5\/2025\/05\/aranaze.png\" alt=\"\" title=\"aranaze\" srcset=\"https:\/\/porfografico.escuelaartegranada.com\/cristinaarance\/wp-content\/uploads\/sites\/5\/2025\/05\/aranaze.png 1728w, https:\/\/porfografico.escuelaartegranada.com\/cristinaarance\/wp-content\/uploads\/sites\/5\/2025\/05\/aranaze-1280x1481.png 1280w, https:\/\/porfografico.escuelaartegranada.com\/cristinaarance\/wp-content\/uploads\/sites\/5\/2025\/05\/aranaze-980x1134.png 980w, https:\/\/porfografico.escuelaartegranada.com\/cristinaarance\/wp-content\/uploads\/sites\/5\/2025\/05\/aranaze-480x556.png 480w\" sizes=\"(min-width: 0px) and (max-width: 480px) 480px, (min-width: 481px) and (max-width: 980px) 980px, (min-width: 981px) and (max-width: 1280px) 1280px, (min-width: 1281px) 1728px, 100vw\" class=\"wp-image-825\" \/><span class=\"et_overlay\"><\/span><\/span><\/a>\n\t\t\t<\/div>\n\t\t\t<\/div>\n\t\t\t\t\n\t\t\t\t\n\t\t\t\t\n\t\t\t\t\n\t\t\t<\/div>\n\t\t\t\t\n\t\t\t\t\n\t\t\t<\/div><div class=\"et_pb_with_border et_pb_section et_pb_section_2  et_pb_css_mix_blend_mode et_section_regular\" >\n\t\t\t\t\n\t\t\t\t\n\t\t\t\t\n\t\t\t\t\n\t\t\t\t\n\t\t\t\t\n\t\t\t\t<div class=\"et_pb_row et_pb_row_7 et_pb_gutters1  et_pb_css_mix_blend_mode\">\n\t\t\t\t<div class=\"et_pb_column et_pb_column_1_4 et_pb_column_20  et_pb_css_mix_blend_mode\">\n\t\t\t\t\n\t\t\t\t\n\t\t\t\t\n\t\t\t\t\n\t\t\t\t<div class=\"et_pb_module et_pb_heading et_pb_heading_13 et_pb_bg_layout_\">\n\t\t\t\t\n\t\t\t\t\n\t\t\t\t\n\t\t\t\t\n\t\t\t\t<div class=\"et_pb_heading_container\"><h4 class=\"et_pb_module_heading\">Email<\/h4><\/div>\n\t\t\t<\/div>\n\t\t\t<\/div><div class=\"et_pb_column et_pb_column_3_4 et_pb_column_21  et_pb_css_mix_blend_mode et-last-child\">\n\t\t\t\t\n\t\t\t\t\n\t\t\t\t\n\t\t\t\t\n\t\t\t\t<div class=\"et_pb_module et_pb_text et_pb_text_6  et_pb_text_align_left et_pb_bg_layout_light\">\n\t\t\t\t\n\t\t\t\t\n\t\t\t\t\n\t\t\t\t\n\t\t\t\t<div class=\"et_pb_text_inner\"><h3>cristinaaranze@gmail.com<\/h3><\/div>\n\t\t\t<\/div>\n\t\t\t<\/div>\n\t\t\t\t\n\t\t\t\t\n\t\t\t\t\n\t\t\t\t\n\t\t\t<\/div><div class=\"et_pb_with_border et_pb_row et_pb_row_8 et_pb_gutters1  et_pb_css_mix_blend_mode\">\n\t\t\t\t<div class=\"et_pb_column et_pb_column_1_4 et_pb_column_22  et_pb_css_mix_blend_mode\">\n\t\t\t\t\n\t\t\t\t\n\t\t\t\t\n\t\t\t\t\n\t\t\t\t<div class=\"et_pb_module et_pb_heading et_pb_heading_14 et_pb_bg_layout_\">\n\t\t\t\t\n\t\t\t\t\n\t\t\t\t\n\t\t\t\t\n\t\t\t\t<div class=\"et_pb_heading_container\"><h4 class=\"et_pb_module_heading\">Instagram<\/h4><\/div>\n\t\t\t<\/div>\n\t\t\t<\/div><div class=\"et_pb_column et_pb_column_1_2 et_pb_column_23  et_pb_css_mix_blend_mode\">\n\t\t\t\t\n\t\t\t\t\n\t\t\t\t\n\t\t\t\t\n\t\t\t\t<div class=\"et_pb_module et_pb_text et_pb_text_7  et_pb_text_align_left et_pb_bg_layout_light\">\n\t\t\t\t\n\t\t\t\t\n\t\t\t\t\n\t\t\t\t\n\t\t\t\t<div class=\"et_pb_text_inner\"><h3><a href=\"#\">@aranzegfx<\/a><\/h3><\/div>\n\t\t\t<\/div>\n\t\t\t<\/div><div class=\"et_pb_column et_pb_column_1_4 et_pb_column_24  et_pb_css_mix_blend_mode et-last-child et_pb_column_empty\">\n\t\t\t\t\n\t\t\t\t\n\t\t\t\t\n\t\t\t\t\n\t\t\t\t\n\t\t\t<\/div>\n\t\t\t\t\n\t\t\t\t\n\t\t\t\t\n\t\t\t\t\n\t\t\t<\/div>\n\t\t\t\t\n\t\t\t\t\n\t\t\t<\/div><\/p>\n","protected":false},"excerpt":{"rendered":"","protected":false},"author":6,"featured_media":0,"parent":0,"menu_order":0,"comment_status":"closed","ping_status":"closed","template":"","meta":{"_et_pb_use_builder":"on","_et_pb_old_content":"","_et_gb_content_width":"","footnotes":""},"class_list":["post-755","page","type-page","status-publish","hentry"],"_links":{"self":[{"href":"https:\/\/porfografico.escuelaartegranada.com\/cristinaarance\/wp-json\/wp\/v2\/pages\/755","targetHints":{"allow":["GET"]}}],"collection":[{"href":"https:\/\/porfografico.escuelaartegranada.com\/cristinaarance\/wp-json\/wp\/v2\/pages"}],"about":[{"href":"https:\/\/porfografico.escuelaartegranada.com\/cristinaarance\/wp-json\/wp\/v2\/types\/page"}],"author":[{"embeddable":true,"href":"https:\/\/porfografico.escuelaartegranada.com\/cristinaarance\/wp-json\/wp\/v2\/users\/6"}],"replies":[{"embeddable":true,"href":"https:\/\/porfografico.escuelaartegranada.com\/cristinaarance\/wp-json\/wp\/v2\/comments?post=755"}],"version-history":[{"count":17,"href":"https:\/\/porfografico.escuelaartegranada.com\/cristinaarance\/wp-json\/wp\/v2\/pages\/755\/revisions"}],"predecessor-version":[{"id":828,"href":"https:\/\/porfografico.escuelaartegranada.com\/cristinaarance\/wp-json\/wp\/v2\/pages\/755\/revisions\/828"}],"wp:attachment":[{"href":"https:\/\/porfografico.escuelaartegranada.com\/cristinaarance\/wp-json\/wp\/v2\/media?parent=755"}],"curies":[{"name":"wp","href":"https:\/\/api.w.org\/{rel}","templated":true}]}}