{"id":215,"date":"2025-02-17T09:25:29","date_gmt":"2025-02-17T08:25:29","guid":{"rendered":"https:\/\/porfografico.escuelaartegranada.com\/javierfranco\/?page_id=215"},"modified":"2025-05-08T21:55:33","modified_gmt":"2025-05-08T19:55:33","slug":"sobre-mi","status":"publish","type":"page","link":"https:\/\/porfografico.escuelaartegranada.com\/javierfranco\/sobre-mi\/","title":{"rendered":"Sobre mi"},"content":{"rendered":"<div class=\"et_pb_section et_pb_section_0  et_pb_css_mix_blend_mode et_section_regular\" >\n\t\t\t\t\n\t\t\t\t\n\t\t\t\t\n\t\t\t\t\n\t\t\t\t\n\t\t\t\t\n\t\t\t\t<div class=\"et_pb_row et_pb_row_0  et_pb_css_mix_blend_mode\">\n\t\t\t\t<div class=\"et_pb_column et_pb_column_1_2 et_pb_column_0  et_pb_css_mix_blend_mode\">\n\t\t\t\t\n\t\t\t\t\n\t\t\t\t\n\t\t\t\t\n\t\t\t\t<div class=\"et_pb_module et_pb_image et_pb_image_0\">\n\t\t\t\t\n\t\t\t\t\n\t\t\t\t\n\t\t\t\t\n\t\t\t\t<span class=\"et_pb_image_wrap \"><img loading=\"lazy\" decoding=\"async\" width=\"600\" height=\"800\" src=\"https:\/\/porfografico.escuelaartegranada.com\/javierfranco\/wp-content\/uploads\/sites\/7\/2025\/03\/foto.jpg\" alt=\"\" title=\"foto\" class=\"wp-image-379\" \/><\/span>\n\t\t\t<\/div>\n\t\t\t<\/div><div class=\"et_pb_column et_pb_column_1_2 et_pb_column_1  et_pb_css_mix_blend_mode et-last-child\">\n\t\t\t\t\n\t\t\t\t\n\t\t\t\t\n\t\t\t\t\n\t\t\t\t<div class=\"et_pb_module et_pb_text et_pb_text_0  et_pb_text_align_left et_pb_bg_layout_light\">\n\t\t\t\t\n\t\t\t\t\n\t\t\t\t\n\t\t\t\t\n\t\t\t\t<div class=\"et_pb_text_inner\"><p>Javier Franco Solera<\/p><\/div>\n\t\t\t<\/div><div class=\"et_pb_module et_pb_text et_pb_text_1  et_pb_text_align_left et_pb_bg_layout_light\">\n\t\t\t\t\n\t\t\t\t\n\t\t\t\t\n\t\t\t\t\n\t\t\t\t<div class=\"et_pb_text_inner\"><p data-pm-slice=\"1 1 &#091;&#093;\"><span>Soy un dise\u00f1ador 3D y editor de video de Granada, con formaci\u00f3n en Dise\u00f1o Gr\u00e1fico en la Escuela Arte Granada. Mi pasi\u00f3n por los efectos visuales y la animaci\u00f3n 3D me ha llevado a querer especializarme en la integraci\u00f3n CGI, explorando siempre nuevas formas de fusionar lo digital con la realidad de manera impactante y minimalista.<\/span><\/p>\n<p data-pm-slice=\"1 1 &#091;&#093;\"><span>Mi enfoque en el dise\u00f1o y la edici\u00f3n no solo se basa en el conocimiento t\u00e9cnico, sino tambi\u00e9n en una serie de habilidades que me permiten trabajar con eficiencia y profesionalismo. Me considero una persona paciente, lo que me ayuda a abordar cada proyecto con calma y meticulosidad, asegurando siempre un alto nivel de detalle en mis trabajos. Adem\u00e1s, mi creatividad es una herramienta fundamental que me permite encontrar soluciones innovadoras y desarrollar conceptos visuales originales.<\/span><\/p><\/div>\n\t\t\t<\/div>\n\t\t\t<\/div>\n\t\t\t\t\n\t\t\t\t\n\t\t\t\t\n\t\t\t\t\n\t\t\t<\/div><div class=\"et_pb_row et_pb_row_1  et_pb_css_mix_blend_mode\">\n\t\t\t\t<div class=\"et_pb_column et_pb_column_4_4 et_pb_column_2  et_pb_css_mix_blend_mode et-last-child\">\n\t\t\t\t\n\t\t\t\t\n\t\t\t\t\n\t\t\t\t\n\t\t\t\t<div class=\"et_pb_module et_pb_text et_pb_text_2  et_pb_text_align_left et_pb_bg_layout_light\">\n\t\t\t\t\n\t\t\t\t\n\t\t\t\t\n\t\t\t\t\n\t\t\t\t<div class=\"et_pb_text_inner\"><p data-pm-slice=\"1 1 &#091;&#093;\"><span>La gesti\u00f3n del tiempo es clave en mi metodolog\u00eda de trabajo, permiti\u00e9ndome organizarme de manera efectiva para cumplir con los plazos sin comprometer la calidad. Este compromiso con la excelencia se refleja en cada uno de mis proyectos, donde priorizo siempre la precisi\u00f3n y el impacto visual. Mi empat\u00eda y trato amable facilitan la comunicaci\u00f3n con clientes y colaboradores, promoviendo un ambiente de trabajo fluido y colaborativo.<\/span><\/p><\/div>\n\t\t\t<\/div><div class=\"et_pb_module et_pb_text et_pb_text_3  et_pb_text_align_left et_pb_bg_layout_light\">\n\t\t\t\t\n\t\t\t\t\n\t\t\t\t\n\t\t\t\t\n\t\t\t\t<div class=\"et_pb_text_inner\"><p data-pm-slice=\"1 1 &#091;&#093;\"><span>Adem\u00e1s, tengo una gran pasi\u00f3n por el sector, lo que me impulsa a mantenerme en constante aprendizaje y actualizaci\u00f3n sobre nuevas tendencias y tecnolog\u00edas. Mi facilidad para aprender me permite adaptarme r\u00e1pidamente a nuevas herramientas y procesos, asegurando que siempre pueda ofrecer lo mejor en cada proyecto.<\/span><\/p><\/div>\n\t\t\t<\/div><div class=\"et_pb_module et_pb_text et_pb_text_4  et_pb_text_align_left et_pb_bg_layout_light\">\n\t\t\t\t\n\t\t\t\t\n\t\t\t\t\n\t\t\t\t\n\t\t\t\t<div class=\"et_pb_text_inner\"><h3>Programas<\/h3><\/div>\n\t\t\t<\/div>\n\t\t\t<\/div>\n\t\t\t\t\n\t\t\t\t\n\t\t\t\t\n\t\t\t\t\n\t\t\t<\/div><div class=\"et_pb_row et_pb_row_2  et_pb_css_mix_blend_mode\">\n\t\t\t\t<div class=\"et_pb_column et_pb_column_1_5 et_pb_column_3  et_pb_css_mix_blend_mode\">\n\t\t\t\t\n\t\t\t\t\n\t\t\t\t\n\t\t\t\t\n\t\t\t\t<div class=\"et_pb_module et_pb_image et_pb_image_1\">\n\t\t\t\t\n\t\t\t\t\n\t\t\t\t\n\t\t\t\t\n\t\t\t\t<span class=\"et_pb_image_wrap \"><img loading=\"lazy\" decoding=\"async\" width=\"4500\" height=\"4500\" src=\"https:\/\/porfografico.escuelaartegranada.com\/javierfranco\/wp-content\/uploads\/sites\/7\/2025\/03\/logos-cv-01.png\" alt=\"\" title=\"logos cv-01\" class=\"wp-image-304\" \/><\/span>\n\t\t\t<\/div>\n\t\t\t<\/div><div class=\"et_pb_column et_pb_column_1_5 et_pb_column_4  et_pb_css_mix_blend_mode\">\n\t\t\t\t\n\t\t\t\t\n\t\t\t\t\n\t\t\t\t\n\t\t\t\t<div class=\"et_pb_module et_pb_image et_pb_image_2\">\n\t\t\t\t\n\t\t\t\t\n\t\t\t\t\n\t\t\t\t\n\t\t\t\t<span class=\"et_pb_image_wrap \"><img loading=\"lazy\" decoding=\"async\" width=\"4500\" height=\"4500\" src=\"https:\/\/porfografico.escuelaartegranada.com\/javierfranco\/wp-content\/uploads\/sites\/7\/2025\/03\/logos-cv-02.png\" alt=\"\" title=\"logos cv-02\" class=\"wp-image-305\" \/><\/span>\n\t\t\t<\/div>\n\t\t\t<\/div><div class=\"et_pb_column et_pb_column_1_5 et_pb_column_5  et_pb_css_mix_blend_mode\">\n\t\t\t\t\n\t\t\t\t\n\t\t\t\t\n\t\t\t\t\n\t\t\t\t<div class=\"et_pb_module et_pb_image et_pb_image_3\">\n\t\t\t\t\n\t\t\t\t\n\t\t\t\t\n\t\t\t\t\n\t\t\t\t<span class=\"et_pb_image_wrap \"><img loading=\"lazy\" decoding=\"async\" width=\"4500\" height=\"4500\" src=\"https:\/\/porfografico.escuelaartegranada.com\/javierfranco\/wp-content\/uploads\/sites\/7\/2025\/03\/logos-cv-03.png\" alt=\"\" title=\"logos cv-03\" class=\"wp-image-306\" \/><\/span>\n\t\t\t<\/div>\n\t\t\t<\/div><div class=\"et_pb_column et_pb_column_1_5 et_pb_column_6  et_pb_css_mix_blend_mode\">\n\t\t\t\t\n\t\t\t\t\n\t\t\t\t\n\t\t\t\t\n\t\t\t\t<div class=\"et_pb_module et_pb_image et_pb_image_4\">\n\t\t\t\t\n\t\t\t\t\n\t\t\t\t\n\t\t\t\t\n\t\t\t\t<span class=\"et_pb_image_wrap \"><img loading=\"lazy\" decoding=\"async\" width=\"4500\" height=\"4500\" src=\"https:\/\/porfografico.escuelaartegranada.com\/javierfranco\/wp-content\/uploads\/sites\/7\/2025\/03\/logos-cv-04.png\" alt=\"\" title=\"logos cv-04\" class=\"wp-image-307\" \/><\/span>\n\t\t\t<\/div>\n\t\t\t<\/div><div class=\"et_pb_column et_pb_column_1_5 et_pb_column_7  et_pb_css_mix_blend_mode et-last-child\">\n\t\t\t\t\n\t\t\t\t\n\t\t\t\t\n\t\t\t\t\n\t\t\t\t<div class=\"et_pb_module et_pb_image et_pb_image_5\">\n\t\t\t\t\n\t\t\t\t\n\t\t\t\t\n\t\t\t\t\n\t\t\t\t<span class=\"et_pb_image_wrap \"><img loading=\"lazy\" decoding=\"async\" width=\"4500\" height=\"4500\" src=\"https:\/\/porfografico.escuelaartegranada.com\/javierfranco\/wp-content\/uploads\/sites\/7\/2025\/03\/logos-cv-05-1.png\" alt=\"\" title=\"logos cv-05\" class=\"wp-image-462\" \/><\/span>\n\t\t\t<\/div>\n\t\t\t<\/div>\n\t\t\t\t\n\t\t\t\t\n\t\t\t\t\n\t\t\t\t\n\t\t\t<\/div><div class=\"et_pb_row et_pb_row_3  et_pb_css_mix_blend_mode\">\n\t\t\t\t<div class=\"et_pb_column et_pb_column_4_4 et_pb_column_8  et_pb_css_mix_blend_mode et-last-child\">\n\t\t\t\t\n\t\t\t\t\n\t\t\t\t\n\t\t\t\t\n\t\t\t\t<div class=\"et_pb_module et_pb_text et_pb_text_5  et_pb_text_align_left et_pb_bg_layout_light\">\n\t\t\t\t\n\t\t\t\t\n\t\t\t\t\n\t\t\t\t\n\t\t\t\t<div class=\"et_pb_text_inner\"><p>Estos son algunos de los programas m\u00e1s importantes sobre los que tengo manejo, a parte de estos programas,\u00a0 tambi\u00e9n tengo conocimientos en otros programas como son: Figma, InDesign, Illustrator y Substance.<\/p><\/div>\n\t\t\t<\/div>\n\t\t\t<\/div>\n\t\t\t\t\n\t\t\t\t\n\t\t\t\t\n\t\t\t\t\n\t\t\t<\/div><div class=\"et_pb_row et_pb_row_4  et_pb_css_mix_blend_mode\">\n\t\t\t\t<div class=\"et_pb_column et_pb_column_4_4 et_pb_column_9  et_pb_css_mix_blend_mode et-last-child\">\n\t\t\t\t\n\t\t\t\t\n\t\t\t\t\n\t\t\t\t\n\t\t\t\t<div class=\"et_pb_module et_pb_text et_pb_text_6  et_pb_text_align_left et_pb_bg_layout_light\">\n\t\t\t\t\n\t\t\t\t\n\t\t\t\t\n\t\t\t\t\n\t\t\t\t<div class=\"et_pb_text_inner\"><h3>Contacto<\/h3><\/div>\n\t\t\t<\/div>\n\t\t\t<div id=\"et_pb_contact_form_0\" class=\"et_pb_module et_pb_contact_form_0 et_pb_contact_form_container clearfix\" data-form_unique_num=\"0\" data-form_unique_id=\"741bf74e-815b-4416-bd85-800086412f77\">\n\t\t\t\t\n\t\t\t\t\n\t\t\t\t\n\t\t\t\t\n\t\t\t\t\n\t\t\t\t<div class=\"et-pb-contact-message\"><\/div>\n\t\t\t\t\n\t\t\t\t<div class=\"et_pb_contact\">\n\t\t\t\t\t<form class=\"et_pb_contact_form clearfix\" method=\"post\" action=\"https:\/\/porfografico.escuelaartegranada.com\/javierfranco\/wp-json\/wp\/v2\/pages\/215\">\n\t\t\t\t\t\t<p class=\"et_pb_contact_field et_pb_contact_field_0 et_pb_contact_field_half\" data-id=\"name\" data-type=\"input\">\n\t\t\t\t\n\t\t\t\t\n\t\t\t\t\n\t\t\t\t\n\t\t\t\t<label for=\"et_pb_contact_name_0\" class=\"et_pb_contact_form_label\">Nombre<\/label>\n\t\t\t\t<input type=\"text\" id=\"et_pb_contact_name_0\" class=\"input\" value=\"\" name=\"et_pb_contact_name_0\" data-required_mark=\"required\" data-field_type=\"input\" data-original_id=\"name\" placeholder=\"Nombre\">\n\t\t\t<\/p><p class=\"et_pb_contact_field et_pb_contact_field_1 et_pb_contact_field_half et_pb_contact_field_last\" data-id=\"email\" data-type=\"email\">\n\t\t\t\t\n\t\t\t\t\n\t\t\t\t\n\t\t\t\t\n\t\t\t\t<label for=\"et_pb_contact_email_0\" class=\"et_pb_contact_form_label\">Direcci\u00f3n de correo electr\u00f3nico<\/label>\n\t\t\t\t<input type=\"text\" id=\"et_pb_contact_email_0\" class=\"input\" value=\"\" name=\"et_pb_contact_email_0\" data-required_mark=\"required\" data-field_type=\"email\" data-original_id=\"email\" placeholder=\"Direcci\u00f3n de correo electr\u00f3nico\">\n\t\t\t<\/p><p class=\"et_pb_contact_field et_pb_contact_field_2 et_pb_contact_field_last\" data-id=\"message\" data-type=\"text\">\n\t\t\t\t\n\t\t\t\t\n\t\t\t\t\n\t\t\t\t\n\t\t\t\t<label for=\"et_pb_contact_message_0\" class=\"et_pb_contact_form_label\">Mensaje<\/label>\n\t\t\t\t<textarea name=\"et_pb_contact_message_0\" id=\"et_pb_contact_message_0\" class=\"et_pb_contact_message input\" data-required_mark=\"required\" data-field_type=\"text\" data-original_id=\"message\" placeholder=\"Mensaje\"><\/textarea>\n\t\t\t<\/p>\n\t\t\t\t\t\t<input type=\"hidden\" value=\"et_contact_proccess\" name=\"et_pb_contactform_submit_0\"\/>\n\t\t\t\t\t\t<div class=\"et_contact_bottom_container\">\n\t\t\t\t\t\t\t\n\t\t\t<div class=\"et_pb_contact_right\">\n\t\t\t\t<p class=\"clearfix\">\n\t\t\t\t\t<span class=\"et_pb_contact_captcha_question\">13 + 5<\/span> = <input type=\"text\" size=\"2\" class=\"input et_pb_contact_captcha\" data-first_digit=\"13\" data-second_digit=\"5\" value=\"\" name=\"et_pb_contact_captcha_0\" data-required_mark=\"required\" autocomplete=\"off\">\n\t\t\t\t<\/p>\n\t\t\t<\/div>\n\t\t\t\t\t\t\t<button type=\"submit\" name=\"et_builder_submit_button\" class=\"et_pb_contact_submit et_pb_button\">Submit<\/button>\n\t\t\t\t\t\t<\/div>\n\t\t\t\t\t\t<input type=\"hidden\" id=\"_wpnonce-et-pb-contact-form-submitted-0\" name=\"_wpnonce-et-pb-contact-form-submitted-0\" value=\"65e5f89358\" \/><input type=\"hidden\" name=\"_wp_http_referer\" value=\"\/javierfranco\/wp-json\/wp\/v2\/pages\/215\" \/>\n\t\t\t\t\t<\/form>\n\t\t\t\t<\/div>\n\t\t\t<\/div>\n\t\t\t\n\t\t\t<\/div>\n\t\t\t\t\n\t\t\t\t\n\t\t\t\t\n\t\t\t\t\n\t\t\t<\/div>\n\t\t\t\t\n\t\t\t\t\n\t\t\t<\/div>\n","protected":false},"excerpt":{"rendered":"","protected":false},"author":8,"featured_media":0,"parent":0,"menu_order":0,"comment_status":"closed","ping_status":"closed","template":"","meta":{"_et_pb_use_builder":"on","_et_pb_old_content":"","_et_gb_content_width":"","footnotes":""},"class_list":["post-215","page","type-page","status-publish","hentry"],"_links":{"self":[{"href":"https:\/\/porfografico.escuelaartegranada.com\/javierfranco\/wp-json\/wp\/v2\/pages\/215","targetHints":{"allow":["GET"]}}],"collection":[{"href":"https:\/\/porfografico.escuelaartegranada.com\/javierfranco\/wp-json\/wp\/v2\/pages"}],"about":[{"href":"https:\/\/porfografico.escuelaartegranada.com\/javierfranco\/wp-json\/wp\/v2\/types\/page"}],"author":[{"embeddable":true,"href":"https:\/\/porfografico.escuelaartegranada.com\/javierfranco\/wp-json\/wp\/v2\/users\/8"}],"replies":[{"embeddable":true,"href":"https:\/\/porfografico.escuelaartegranada.com\/javierfranco\/wp-json\/wp\/v2\/comments?post=215"}],"version-history":[{"count":21,"href":"https:\/\/porfografico.escuelaartegranada.com\/javierfranco\/wp-json\/wp\/v2\/pages\/215\/revisions"}],"predecessor-version":[{"id":663,"href":"https:\/\/porfografico.escuelaartegranada.com\/javierfranco\/wp-json\/wp\/v2\/pages\/215\/revisions\/663"}],"wp:attachment":[{"href":"https:\/\/porfografico.escuelaartegranada.com\/javierfranco\/wp-json\/wp\/v2\/media?parent=215"}],"curies":[{"name":"wp","href":"https:\/\/api.w.org\/{rel}","templated":true}]}}